{"id":3572,"date":"2021-02-12T14:48:31","date_gmt":"2021-02-12T13:48:31","guid":{"rendered":"https:\/\/www.hotelsaintpaulparis.com\/services\/"},"modified":"2026-02-24T12:08:38","modified_gmt":"2026-02-24T11:08:38","slug":"servicios","status":"publish","type":"page","link":"https:\/\/www.hotelsaintpaulparis.com\/es\/servicios\/","title":{"rendered":"Services"},"content":{"rendered":"\n\t<section class=\"section bg-rooms is-full-height\" id=\"section_1702760636\">\n\t\t<div class=\"bg section-bg fill bg-fill  bg-loaded\" >\n\n\t\t\t\n\t\t\t<div class=\"section-bg-overlay absolute fill\"><\/div>\n\t\t\t\n\n\t\t<\/div>\n\n\t\t<div class=\"section-content relative\">\n\t\t\t\n\n\n\t\t<\/div>\n\n\t\t\n<style>\n#section_1702760636 {\n  padding-top: 0px;\n  padding-bottom: 0px;\n  min-height: 100vh;\n}\n#section_1702760636 .section-bg-overlay {\n  background-color: rgba(54, 42, 27, 0.3);\n}\n<\/style>\n\t<\/section>\n\t\n\t<section class=\"section\" id=\"section_1311292578\">\n\t\t<div class=\"bg section-bg fill bg-fill  bg-loaded\" >\n\n\t\t\t\n\t\t\t\n\t\t\t\n\n\t\t<\/div>\n\n\t\t<div class=\"section-content relative\">\n\t\t\t\n\n<div class=\"row row-collapse\"  id=\"row-342947874\">\n\n\n\t<div id=\"col-1961868952\" class=\"col small-12 large-12\"  >\n\t\t<div class=\"col-inner\" style=\"background-color:rgb(255,255,255);\" >\n\t\t\t\n\t\t\t\n\n<div class=\"row row-small encart-chambres\"  id=\"row-667238299\">\n\n\n\t<div id=\"col-1475584097\" class=\"col medium-6 small-12 large-5\"  >\n\t\t<div class=\"col-inner\" style=\"background-color:rgb(255,255,255);\" >\n\t\t\t\n\t\t\t\n\n\t<div class=\"img has-hover x md-x lg-x y md-y lg-y\" id=\"image_640541818\">\n\t\t\t\t\t\t\t\t<div class=\"img-inner dark\" >\n\t\t\t<img decoding=\"async\" width=\"300\" height=\"200\" src=\"https:\/\/www.hotelsaintpaulparis.com\/wp-content\/uploads\/2021\/02\/8-petits-dejeuners-B-300x200.jpg\" class=\"attachment-medium size-medium\" alt=\"HOTEL SAINT PAUL PARIS\" srcset=\"https:\/\/www.hotelsaintpaulparis.com\/wp-content\/uploads\/2021\/02\/8-petits-dejeuners-B-300x200.jpg 300w, https:\/\/www.hotelsaintpaulparis.com\/wp-content\/uploads\/2021\/02\/8-petits-dejeuners-B-1024x683.jpg 1024w, https:\/\/www.hotelsaintpaulparis.com\/wp-content\/uploads\/2021\/02\/8-petits-dejeuners-B-768x512.jpg 768w, https:\/\/www.hotelsaintpaulparis.com\/wp-content\/uploads\/2021\/02\/8-petits-dejeuners-B.jpg 1200w\" sizes=\"(max-width: 300px) 100vw, 300px\" \/>\t\t\t\t\t\t\n\t\t\t\t\t<\/div>\n\t\t\t\t\t\t\t\t\n<style>\n#image_640541818 {\n  width: 100%;\n}\n<\/style>\n\t<\/div>\n\t\n\n\n\t\t<\/div>\n\t\t\n<style>\n#col-1475584097 > .col-inner {\n  padding: 20px 20px 20px 20px;\n  margin: 0px 0px 0 0px;\n}\n<\/style>\n\t<\/div>\n\n\t\n\n\t<div id=\"col-784940272\" class=\"col medium-6 small-12 large-7\"  >\n\t\t<div class=\"col-inner\"  >\n\t\t\t\n\t\t\t\n\n<h3>ESPACIO DE TRABAJO<\/h3>\n<h4>De 1 a 6 personas.<\/h4>\n<p>Peque\u00f1a y tranquila sala situada en una bodega de piedra abovedada.<br \/>Wifi de alta velocidad.<br \/>Caf\u00e9, t\u00e9, agua mineral y dulces incluidos en el precio del alquiler.<br \/>Para cualquier petici\u00f3n especial, \u00a1contacte con nosotros!<\/p>\n<a rel=\"noopener noreferrer\" href=\"mailto:contact@hotelsaintpaulparis.com\" target=\"_blank\" class=\"button secondary\"  style=\"border-radius:10px;\">\n    <span>Cont\u00e1ctenos<\/span>\n  <i class=\"icon-envelop\" ><\/i><\/a>\n\n\n\n\t\t<\/div>\n\t\t\n<style>\n#col-784940272 > .col-inner {\n  padding: 20px 20px 20px 20px;\n  margin: 0px 0px 0 0px;\n}\n<\/style>\n\t<\/div>\n\n\t\n\n\n<style>\n#row-667238299 > .col > .col-inner {\n  background-color: rgb(255,255,255);\n}\n<\/style>\n<\/div>\n\n\t\t<\/div>\n\t\t\n<style>\n#col-1961868952 > .col-inner {\n  margin: 180px 0px 0px 0px;\n}\n<\/style>\n\t<\/div>\n\n\t\n\n\n<style>\n#row-342947874 > .col > .col-inner {\n  background-color: rgb(255,255,255);\n}\n<\/style>\n<\/div>\n<div class=\"row row-collapse\"  id=\"row-1531611402\">\n\n\n\t<div id=\"col-1003215536\" class=\"col small-12 large-12\"  >\n\t\t<div class=\"col-inner\" style=\"background-color:rgb(255,255,255);\" >\n\t\t\t\n\t\t\t\n\n<div class=\"row row-small encart-chambres\"  id=\"row-1123619059\">\n\n\n\t<div id=\"col-467672919\" class=\"col medium-6 small-12 large-5\"  >\n\t\t<div class=\"col-inner\" style=\"background-color:rgb(255,255,255);\" >\n\t\t\t\n\t\t\t\n\n\t<div class=\"img has-hover x md-x lg-x y md-y lg-y\" id=\"image_1081394595\">\n\t\t\t\t\t\t\t\t<div class=\"img-inner dark\" >\n\t\t\t<img decoding=\"async\" width=\"300\" height=\"200\" src=\"https:\/\/www.hotelsaintpaulparis.com\/wp-content\/uploads\/2026\/02\/Croissants-300x200.jpg\" class=\"attachment-medium size-medium\" alt=\"HOTEL SAINT PAUL PARIS - HOTEL 4 ETOILES\" srcset=\"https:\/\/www.hotelsaintpaulparis.com\/wp-content\/uploads\/2026\/02\/Croissants-300x200.jpg 300w, https:\/\/www.hotelsaintpaulparis.com\/wp-content\/uploads\/2026\/02\/Croissants-1024x683.jpg 1024w, https:\/\/www.hotelsaintpaulparis.com\/wp-content\/uploads\/2026\/02\/Croissants-768x512.jpg 768w, https:\/\/www.hotelsaintpaulparis.com\/wp-content\/uploads\/2026\/02\/Croissants.jpg 1200w\" sizes=\"(max-width: 300px) 100vw, 300px\" \/>\t\t\t\t\t\t\n\t\t\t\t\t<\/div>\n\t\t\t\t\t\t\t\t\n<style>\n#image_1081394595 {\n  width: 100%;\n}\n<\/style>\n\t<\/div>\n\t\n\n\n\t\t<\/div>\n\t\t\n<style>\n#col-467672919 > .col-inner {\n  padding: 20px 20px 20px 20px;\n  margin: 0px 0px 0 0px;\n}\n<\/style>\n\t<\/div>\n\n\t\n\n\t<div id=\"col-1496584295\" class=\"col medium-6 small-12 large-7\"  >\n\t\t<div class=\"col-inner\"  >\n\t\t\t\n\t\t\t\n\n<h3>SERVICIOS<\/h3>\n<p>Ascensor &#8211; Servicio de canguro &#8211; Guardaequipaje &#8211; Registro de entrada 15 h &#8211; Registro de salida 12 h &#8211; Caja fuerte &#8211; Conserje &#8211; Plancha &#8211; Hotel para no fumadores &#8211; Prensa &#8211; Lavander\u00eda y limpieza en seco &#8211; Patio florido &#8211; Punto de Internet gratuito &#8211; Servicio de habitaciones &#8211; Wifi gratuito &#8211; Enchufe USB &#8211; Internet de alta velocidad por fibra \u00f3ptica<\/p>\n<p>Desayuno buffet continental: 18 EUR\/persona<\/p>\n\n\t\t<\/div>\n\t\t\n<style>\n#col-1496584295 > .col-inner {\n  padding: 20px 20px 20px 20px;\n  margin: 0px 0px 0 0px;\n}\n<\/style>\n\t<\/div>\n\n\t\n\n\n<style>\n#row-1123619059 > .col > .col-inner {\n  background-color: rgb(255,255,255);\n}\n<\/style>\n<\/div>\n\n\t\t<\/div>\n\t\t\n<style>\n#col-1003215536 > .col-inner {\n  margin: 50px 0px 0px 0px;\n}\n<\/style>\n\t<\/div>\n\n\t\n\n\n<style>\n#row-1531611402 > .col > .col-inner {\n  background-color: rgb(255,255,255);\n}\n<\/style>\n<\/div>\n<div class=\"row row-collapse\"  id=\"row-1019481191\">\n\n\n\t<div id=\"col-756120550\" class=\"col small-12 large-12\"  >\n\t\t<div class=\"col-inner\" style=\"background-color:rgb(255,255,255);\" >\n\t\t\t\n\t\t\t\n\n<div class=\"row row-small encart-chambres\"  id=\"row-2038284638\">\n\n\n\t<div id=\"col-364449655\" class=\"col medium-6 small-12 large-5\"  >\n\t\t<div class=\"col-inner\" style=\"background-color:rgb(255,255,255);\" >\n\t\t\t\n\t\t\t\n\n\t<div class=\"img has-hover x md-x lg-x y md-y lg-y\" id=\"image_1590346155\">\n\t\t\t\t\t\t\t\t<div class=\"img-inner dark\" >\n\t\t\t<img decoding=\"async\" width=\"300\" height=\"200\" src=\"https:\/\/www.hotelsaintpaulparis.com\/wp-content\/uploads\/2021\/02\/21-tea-time-300x200.jpg\" class=\"attachment-medium size-medium\" alt=\"HOTEL SAINT PAUL PARIS\" srcset=\"https:\/\/www.hotelsaintpaulparis.com\/wp-content\/uploads\/2021\/02\/21-tea-time-300x200.jpg 300w, https:\/\/www.hotelsaintpaulparis.com\/wp-content\/uploads\/2021\/02\/21-tea-time-1024x683.jpg 1024w, https:\/\/www.hotelsaintpaulparis.com\/wp-content\/uploads\/2021\/02\/21-tea-time-768x512.jpg 768w, https:\/\/www.hotelsaintpaulparis.com\/wp-content\/uploads\/2021\/02\/21-tea-time.jpg 1200w\" sizes=\"(max-width: 300px) 100vw, 300px\" \/>\t\t\t\t\t\t\n\t\t\t\t\t<\/div>\n\t\t\t\t\t\t\t\t\n<style>\n#image_1590346155 {\n  width: 100%;\n}\n<\/style>\n\t<\/div>\n\t\n\n\n\t\t<\/div>\n\t\t\n<style>\n#col-364449655 > .col-inner {\n  padding: 20px 20px 20px 20px;\n  margin: 0px 0px 0 0px;\n}\n<\/style>\n\t<\/div>\n\n\t\n\n\t<div id=\"col-569057101\" class=\"col medium-6 small-12 large-7\"  >\n\t\t<div class=\"col-inner\"  >\n\t\t\t\n\t\t\t\n\n<h3>EQUIPAMIENTO<\/h3>\n<p>Ducha o ba\u00f1era &#8211; WC &#8211; secador de pelo &#8211; albornoces &#8211; zapatillas &#8211; espejo cosm\u00e9tico &#8211; productos de acogida L&#8217;Occitane &#8211; TV v\u00eda sat\u00e9lite &#8211; minibar &#8211; bandeja de cortes\u00eda &#8211; caja fuerte &#8211; tel\u00e9fono &#8211; peque\u00f1o escritorio &#8211; portaequipajes &#8211; toma USB &#8211; Wifi gratuito &#8211; aire acondicionadoy calefacci\u00f3n. Doble acristalamiento.<\/p>\n\n\t\t<\/div>\n\t\t\n<style>\n#col-569057101 > .col-inner {\n  padding: 20px 20px 20px 20px;\n  margin: 0px 0px 0 0px;\n}\n<\/style>\n\t<\/div>\n\n\t\n\n\n<style>\n#row-2038284638 > .col > .col-inner {\n  background-color: rgb(255,255,255);\n}\n<\/style>\n<\/div>\n\n\t\t<\/div>\n\t\t\n<style>\n#col-756120550 > .col-inner {\n  margin: 50px 0px 0px 0px;\n}\n<\/style>\n\t<\/div>\n\n\t\n\n\n<style>\n#row-1019481191 > .col > .col-inner {\n  background-color: rgb(255,255,255);\n}\n<\/style>\n<\/div>\n<div class=\"row row-collapse\"  id=\"row-1103602924\">\n\n\n\t<div id=\"col-1699584320\" class=\"col small-12 large-12\"  >\n\t\t<div class=\"col-inner\" style=\"background-color:rgb(255,255,255);\" >\n\t\t\t\n\t\t\t\n\n<div class=\"row row-small encart-chambres\"  id=\"row-1217529392\">\n\n\n\t<div id=\"col-573467831\" class=\"col medium-6 small-12 large-5\"  >\n\t\t<div class=\"col-inner\" style=\"background-color:rgb(255,255,255);\" >\n\t\t\t\n\t\t\t\n\n\t<div class=\"img has-hover x md-x lg-x y md-y lg-y\" id=\"image_979152579\">\n\t\t\t\t\t\t\t\t<div class=\"img-inner dark\" >\n\t\t\t<img decoding=\"async\" width=\"300\" height=\"200\" src=\"https:\/\/www.hotelsaintpaulparis.com\/wp-content\/uploads\/2021\/03\/hotel-saint-paul-paris-galerie-4-300x200.jpg\" class=\"attachment-medium size-medium\" alt=\"\" srcset=\"https:\/\/www.hotelsaintpaulparis.com\/wp-content\/uploads\/2021\/03\/hotel-saint-paul-paris-galerie-4-300x200.jpg 300w, https:\/\/www.hotelsaintpaulparis.com\/wp-content\/uploads\/2021\/03\/hotel-saint-paul-paris-galerie-4-1024x683.jpg 1024w, https:\/\/www.hotelsaintpaulparis.com\/wp-content\/uploads\/2021\/03\/hotel-saint-paul-paris-galerie-4-768x512.jpg 768w, https:\/\/www.hotelsaintpaulparis.com\/wp-content\/uploads\/2021\/03\/hotel-saint-paul-paris-galerie-4.jpg 1200w\" sizes=\"(max-width: 300px) 100vw, 300px\" \/>\t\t\t\t\t\t\n\t\t\t\t\t<\/div>\n\t\t\t\t\t\t\t\t\n<style>\n#image_979152579 {\n  width: 100%;\n}\n<\/style>\n\t<\/div>\n\t\n\n\n\t\t<\/div>\n\t\t\n<style>\n#col-573467831 > .col-inner {\n  padding: 20px 20px 20px 20px;\n  margin: 0px 0px 0 0px;\n}\n<\/style>\n\t<\/div>\n\n\t\n\n\t<div id=\"col-2042741785\" class=\"col medium-6 small-12 large-7\"  >\n\t\t<div class=\"col-inner\"  >\n\t\t\t\n\t\t\t\n\n<h3>MEDIOS DE PAGO ACEPTADOS<\/h3>\n<p>Visa Euro\/Mastercard &#8211; American Express &#8211; JCB &#8211; Union Pay &#8211; Alipay &#8211; Apple Pay &#8211; Pago en efectivo<\/p>\n<h3>CODES GDS : <\/h3>\n<p>Amadeus:\tFG PARRIV-<br \/>Sabre:FG 50139 &#8211; Galileo:FG G2130-<br \/>\nWorldspan:FG RIVG &#8211; Pegasus :FG RIVEGAUCHE<\/p>\n\n\t\t<\/div>\n\t\t\n<style>\n#col-2042741785 > .col-inner {\n  padding: 20px 20px 20px 20px;\n  margin: 0px 0px 0 0px;\n}\n<\/style>\n\t<\/div>\n\n\t\n\n\n<style>\n#row-1217529392 > .col > .col-inner {\n  background-color: rgb(255,255,255);\n}\n<\/style>\n<\/div>\n\n\t\t<\/div>\n\t\t\n<style>\n#col-1699584320 > .col-inner {\n  margin: 50px 0px 0px 0px;\n}\n<\/style>\n\t<\/div>\n\n\t\n\n\n<style>\n#row-1103602924 > .col > .col-inner {\n  background-color: rgb(255,255,255);\n}\n<\/style>\n<\/div>\n<div class=\"row row-collapse\"  id=\"row-1486986802\">\n\n\n\t<div id=\"col-1355126711\" class=\"col small-12 large-12\"  >\n\t\t<div class=\"col-inner\" style=\"background-color:rgb(255,255,255);\" >\n\t\t\t\n\t\t\t\n\n<div class=\"row row-small encart-chambres\"  id=\"row-1957440715\">\n\n\n\t<div id=\"col-602998465\" class=\"col medium-6 small-12 large-5\"  >\n\t\t<div class=\"col-inner\" style=\"background-color:rgb(255,255,255);\" >\n\t\t\t\n\t\t\t\n\n\t<div class=\"img has-hover x md-x lg-x y md-y lg-y\" id=\"image_1464674509\">\n\t\t\t\t\t\t\t\t<div class=\"img-inner dark\" >\n\t\t\t<img decoding=\"async\" width=\"300\" height=\"200\" src=\"https:\/\/www.hotelsaintpaulparis.com\/wp-content\/uploads\/2021\/04\/Patio-fleuri-300x200.jpg\" class=\"attachment-medium size-medium\" alt=\"Patio fleuri\" srcset=\"https:\/\/www.hotelsaintpaulparis.com\/wp-content\/uploads\/2021\/04\/Patio-fleuri-300x200.jpg 300w, https:\/\/www.hotelsaintpaulparis.com\/wp-content\/uploads\/2021\/04\/Patio-fleuri.jpg 768w\" sizes=\"(max-width: 300px) 100vw, 300px\" \/>\t\t\t\t\t\t\n\t\t\t\t\t<\/div>\n\t\t\t\t\t\t\t\t\n<style>\n#image_1464674509 {\n  width: 100%;\n}\n<\/style>\n\t<\/div>\n\t\n\n\n\t\t<\/div>\n\t\t\n<style>\n#col-602998465 > .col-inner {\n  padding: 20px 20px 20px 20px;\n  margin: 0px 0px 0 0px;\n}\n<\/style>\n\t<\/div>\n\n\t\n\n\t<div id=\"col-160113714\" class=\"col medium-6 small-12 large-7\"  >\n\t\t<div class=\"col-inner\"  >\n\t\t\t\n\t\t\t\n\n<h3>EL HOTEL<\/h3>\n<p>El H\u00f4tel Saint-Paul Rive Gauche es propiedad de una familia franco-brit\u00e1nica, hostelera desde hace cuatro generaciones. Situada en la antigua muralla de Philippe Auguste, esta casa del siglo XVII fue anta\u00f1o residencia de monjes franciscanos. Un \u00abboutique-hotel\u00bb de 4 estrellas enclavado en una callejuela tranquila pero en el coraz\u00f3n de la vida parisina&#8230;<\/p>\n\n\t\t<\/div>\n\t\t\n<style>\n#col-160113714 > .col-inner {\n  padding: 20px 20px 20px 20px;\n  margin: 0px 0px 0 0px;\n}\n<\/style>\n\t<\/div>\n\n\t\n\n\n<style>\n#row-1957440715 > .col > .col-inner {\n  background-color: rgb(255,255,255);\n}\n<\/style>\n<\/div>\n\n\t\t<\/div>\n\t\t\n<style>\n#col-1355126711 > .col-inner {\n  margin: 50px 0px 0px 0px;\n}\n<\/style>\n\t<\/div>\n\n\t\n\n\n<style>\n#row-1486986802 > .col > .col-inner {\n  background-color: rgb(255,255,255);\n}\n<\/style>\n<\/div>\n\n\t\t<\/div>\n\n\t\t\n<style>\n#section_1311292578 {\n  padding-top: 30px;\n  padding-bottom: 30px;\n}\n<\/style>\n\t<\/section>\n\t\n\n","protected":false},"excerpt":{"rendered":"","protected":false},"author":1,"featured_media":0,"parent":0,"menu_order":0,"comment_status":"closed","ping_status":"open","template":"page-transparent-header-light.php","meta":{"footnotes":""},"class_list":["post-3572","page","type-page","status-publish","hentry"],"yoast_head":"<!-- This site is optimized with the Yoast SEO plugin v27.5 - https:\/\/yoast.com\/product\/yoast-seo-wordpress\/ -->\n<title>Los servicios del Hotel Saint Paul Rive Gauche Paris de 4 estrellas<\/title>\n<meta name=\"description\" content=\"Descubra los beneficios y servicios ofrecidos en el Hotel Saint Paul Rive Gauche Paris. Conexi\u00f3n wifi, desayuno..\" \/>\n<meta name=\"robots\" content=\"index, follow, max-snippet:-1, max-image-preview:large, max-video-preview:-1\" \/>\n<link rel=\"canonical\" href=\"https:\/\/www.hotelsaintpaulparis.com\/es\/servicios\/\" \/>\n<meta property=\"og:locale\" content=\"es_ES\" \/>\n<meta property=\"og:type\" content=\"article\" \/>\n<meta property=\"og:title\" content=\"Los servicios del Hotel Saint Paul Rive Gauche Paris de 4 estrellas\" \/>\n<meta property=\"og:description\" content=\"Descubra los beneficios y servicios ofrecidos en el Hotel Saint Paul Rive Gauche Paris. Conexi\u00f3n wifi, desayuno..\" \/>\n<meta property=\"og:url\" content=\"https:\/\/www.hotelsaintpaulparis.com\/es\/servicios\/\" \/>\n<meta property=\"og:site_name\" content=\"H\u00f4tel Saint Paul\" \/>\n<meta property=\"article:modified_time\" content=\"2026-02-24T11:08:38+00:00\" \/>\n<meta name=\"twitter:card\" content=\"summary_large_image\" \/>\n<meta name=\"twitter:label1\" content=\"Tiempo de lectura\" \/>\n\t<meta name=\"twitter:data1\" content=\"3 minutos\" \/>\n<script type=\"application\/ld+json\" class=\"yoast-schema-graph\">{\"@context\":\"https:\\\/\\\/schema.org\",\"@graph\":[{\"@type\":\"WebPage\",\"@id\":\"https:\\\/\\\/www.hotelsaintpaulparis.com\\\/es\\\/servicios\\\/\",\"url\":\"https:\\\/\\\/www.hotelsaintpaulparis.com\\\/es\\\/servicios\\\/\",\"name\":\"Los servicios del Hotel Saint Paul Rive Gauche Paris de 4 estrellas\",\"isPartOf\":{\"@id\":\"https:\\\/\\\/www.hotelsaintpaulparis.com\\\/es\\\/#website\"},\"datePublished\":\"2021-02-12T13:48:31+00:00\",\"dateModified\":\"2026-02-24T11:08:38+00:00\",\"description\":\"Descubra los beneficios y servicios ofrecidos en el Hotel Saint Paul Rive Gauche Paris. Conexi\u00f3n wifi, desayuno..\",\"breadcrumb\":{\"@id\":\"https:\\\/\\\/www.hotelsaintpaulparis.com\\\/es\\\/servicios\\\/#breadcrumb\"},\"inLanguage\":\"es\",\"potentialAction\":[{\"@type\":\"ReadAction\",\"target\":[\"https:\\\/\\\/www.hotelsaintpaulparis.com\\\/es\\\/servicios\\\/\"]}]},{\"@type\":\"BreadcrumbList\",\"@id\":\"https:\\\/\\\/www.hotelsaintpaulparis.com\\\/es\\\/servicios\\\/#breadcrumb\",\"itemListElement\":[{\"@type\":\"ListItem\",\"position\":1,\"name\":\"Accueil\",\"item\":\"https:\\\/\\\/www.hotelsaintpaulparis.com\\\/es\\\/\"},{\"@type\":\"ListItem\",\"position\":2,\"name\":\"Services\"}]},{\"@type\":\"WebSite\",\"@id\":\"https:\\\/\\\/www.hotelsaintpaulparis.com\\\/es\\\/#website\",\"url\":\"https:\\\/\\\/www.hotelsaintpaulparis.com\\\/es\\\/\",\"name\":\"H\u00f4tel Saint Paul\",\"description\":\"AU COEUR DU QUARTIER LATIN... UNE DEMEURE DU XVIIe SI\u00c8CLE\",\"potentialAction\":[{\"@type\":\"SearchAction\",\"target\":{\"@type\":\"EntryPoint\",\"urlTemplate\":\"https:\\\/\\\/www.hotelsaintpaulparis.com\\\/es\\\/?s={search_term_string}\"},\"query-input\":{\"@type\":\"PropertyValueSpecification\",\"valueRequired\":true,\"valueName\":\"search_term_string\"}}],\"inLanguage\":\"es\"}]}<\/script>\n<!-- \/ Yoast SEO plugin. -->","yoast_head_json":{"title":"Los servicios del Hotel Saint Paul Rive Gauche Paris de 4 estrellas","description":"Descubra los beneficios y servicios ofrecidos en el Hotel Saint Paul Rive Gauche Paris. Conexi\u00f3n wifi, desayuno..","robots":{"index":"index","follow":"follow","max-snippet":"max-snippet:-1","max-image-preview":"max-image-preview:large","max-video-preview":"max-video-preview:-1"},"canonical":"https:\/\/www.hotelsaintpaulparis.com\/es\/servicios\/","og_locale":"es_ES","og_type":"article","og_title":"Los servicios del Hotel Saint Paul Rive Gauche Paris de 4 estrellas","og_description":"Descubra los beneficios y servicios ofrecidos en el Hotel Saint Paul Rive Gauche Paris. Conexi\u00f3n wifi, desayuno..","og_url":"https:\/\/www.hotelsaintpaulparis.com\/es\/servicios\/","og_site_name":"H\u00f4tel Saint Paul","article_modified_time":"2026-02-24T11:08:38+00:00","twitter_card":"summary_large_image","twitter_misc":{"Tiempo de lectura":"3 minutos"},"schema":{"@context":"https:\/\/schema.org","@graph":[{"@type":"WebPage","@id":"https:\/\/www.hotelsaintpaulparis.com\/es\/servicios\/","url":"https:\/\/www.hotelsaintpaulparis.com\/es\/servicios\/","name":"Los servicios del Hotel Saint Paul Rive Gauche Paris de 4 estrellas","isPartOf":{"@id":"https:\/\/www.hotelsaintpaulparis.com\/es\/#website"},"datePublished":"2021-02-12T13:48:31+00:00","dateModified":"2026-02-24T11:08:38+00:00","description":"Descubra los beneficios y servicios ofrecidos en el Hotel Saint Paul Rive Gauche Paris. Conexi\u00f3n wifi, desayuno..","breadcrumb":{"@id":"https:\/\/www.hotelsaintpaulparis.com\/es\/servicios\/#breadcrumb"},"inLanguage":"es","potentialAction":[{"@type":"ReadAction","target":["https:\/\/www.hotelsaintpaulparis.com\/es\/servicios\/"]}]},{"@type":"BreadcrumbList","@id":"https:\/\/www.hotelsaintpaulparis.com\/es\/servicios\/#breadcrumb","itemListElement":[{"@type":"ListItem","position":1,"name":"Accueil","item":"https:\/\/www.hotelsaintpaulparis.com\/es\/"},{"@type":"ListItem","position":2,"name":"Services"}]},{"@type":"WebSite","@id":"https:\/\/www.hotelsaintpaulparis.com\/es\/#website","url":"https:\/\/www.hotelsaintpaulparis.com\/es\/","name":"H\u00f4tel Saint Paul","description":"AU COEUR DU QUARTIER LATIN... UNE DEMEURE DU XVIIe SI\u00c8CLE","potentialAction":[{"@type":"SearchAction","target":{"@type":"EntryPoint","urlTemplate":"https:\/\/www.hotelsaintpaulparis.com\/es\/?s={search_term_string}"},"query-input":{"@type":"PropertyValueSpecification","valueRequired":true,"valueName":"search_term_string"}}],"inLanguage":"es"}]}},"_links":{"self":[{"href":"https:\/\/www.hotelsaintpaulparis.com\/es\/wp-json\/wp\/v2\/pages\/3572","targetHints":{"allow":["GET"]}}],"collection":[{"href":"https:\/\/www.hotelsaintpaulparis.com\/es\/wp-json\/wp\/v2\/pages"}],"about":[{"href":"https:\/\/www.hotelsaintpaulparis.com\/es\/wp-json\/wp\/v2\/types\/page"}],"author":[{"embeddable":true,"href":"https:\/\/www.hotelsaintpaulparis.com\/es\/wp-json\/wp\/v2\/users\/1"}],"replies":[{"embeddable":true,"href":"https:\/\/www.hotelsaintpaulparis.com\/es\/wp-json\/wp\/v2\/comments?post=3572"}],"version-history":[{"count":13,"href":"https:\/\/www.hotelsaintpaulparis.com\/es\/wp-json\/wp\/v2\/pages\/3572\/revisions"}],"predecessor-version":[{"id":4334,"href":"https:\/\/www.hotelsaintpaulparis.com\/es\/wp-json\/wp\/v2\/pages\/3572\/revisions\/4334"}],"wp:attachment":[{"href":"https:\/\/www.hotelsaintpaulparis.com\/es\/wp-json\/wp\/v2\/media?parent=3572"}],"curies":[{"name":"wp","href":"https:\/\/api.w.org\/{rel}","templated":true}]}}