{"id":3568,"date":"2021-03-05T10:49:04","date_gmt":"2021-03-05T09:49:04","guid":{"rendered":"https:\/\/www.hotelsaintpaulparis.com\/faq\/"},"modified":"2026-01-31T23:22:11","modified_gmt":"2026-01-31T22:22:11","slug":"faq","status":"publish","type":"page","link":"https:\/\/www.hotelsaintpaulparis.com\/es\/faq\/","title":{"rendered":"FAQ"},"content":{"rendered":"\n\t<section class=\"section\" id=\"section_1508814089\">\n\t\t<div class=\"bg section-bg fill bg-fill  bg-loaded\" >\n\n\t\t\t\n\t\t\t\n\t\t\t\n\n\t\t<\/div>\n\n\t\t<div class=\"section-content relative\">\n\t\t\t\n\n<div class=\"row row-collapse align-equal\"  id=\"row-438035231\">\n\n\n\t<div id=\"col-118582221\" class=\"col small-12 large-12\"  >\n\t\t<div class=\"col-inner\"  >\n\t\t\t\n\t\t\t\n\n<h1 style=\"text-align: center;\">FAQ<\/h1>\n<div class=\"text-center\"><div class=\"is-divider divider clearfix\" style=\"max-width:150px;height:1px;background-color:rgb(54, 42, 27);\"><\/div><\/div>\n\n<div class=\"accordion\" rel=\"1\">\n\n<div class=\"accordion-item\"><a href=\"#\" class=\"accordion-title plain\"><button class=\"toggle\"><i class=\"icon-angle-down\"><\/i><\/button><span>\u00bfCu\u00e1les son los horarios de entrada y salida?<\/span><\/a><div class=\"accordion-inner\">\n\n<p>Check-in : 15h00<br \/>Check-out : 12h00<\/p>\n\n<\/div><\/div>\n<div class=\"accordion-item\"><a href=\"#\" class=\"accordion-title plain\"><button class=\"toggle\"><i class=\"icon-angle-down\"><\/i><\/button><span>\u00bfEl precio es por habitaci\u00f3n o por persona?<\/span><\/a><div class=\"accordion-inner\">\n\n<p>El precio es por habitaci\u00f3n<\/p>\n\n<\/div><\/div>\n<div class=\"accordion-item\"><a href=\"#\" class=\"accordion-title plain\"><button class=\"toggle\"><i class=\"icon-angle-down\"><\/i><\/button><span>\u00bfEst\u00e1 incluido el desayuno? \u00bfEs continental o buffet?<\/span><\/a><div class=\"accordion-inner\">\n\n<div>Servido de 7:00 a 11:00, el desayuno se cobra como extra a menos que est\u00e9 incluido en su paquete:<\/div>\n<div>Cuesta 18 EUR\/ persona (buffet).<\/div>\n\n<\/div><\/div>\n<div class=\"accordion-item\"><a href=\"#\" class=\"accordion-title plain\"><button class=\"toggle\"><i class=\"icon-angle-down\"><\/i><\/button><span>\u00bfPodemos pagar la estancia por adelantado o in situ?<\/span><\/a><div class=\"accordion-inner\">\n\n<p>S\u00ed, ambas opciones son posibles. Tenga en cuenta que algunas ofertas requieren el pago del 30% o del 50% unos d\u00edas antes de la llegada. Le invitamos a comprobar las condiciones que se aplican a su reserva.<\/p>\n\n<\/div><\/div>\n<div class=\"accordion-item\"><a href=\"#\" class=\"accordion-title plain\"><button class=\"toggle\"><i class=\"icon-angle-down\"><\/i><\/button><span>\u00bfHay un televisor en cada habitaci\u00f3n?<\/span><\/a><div class=\"accordion-inner\">\n\n<p>S\u00ed, todas las habitaciones est\u00e1n equipadas con televisi\u00f3n. Hay canales extranjeros disponibles.<\/p>\n\n<\/div><\/div>\n<div class=\"accordion-item\"><a href=\"#\" class=\"accordion-title plain\"><button class=\"toggle\"><i class=\"icon-angle-down\"><\/i><\/button><span>\u00bfHay l\u00ednea telef\u00f3nica directa en cada habitaci\u00f3n? \u00bfPuedo dejar un mensaje? \u00bfPuedo recibir faxes?<\/span><\/a><div class=\"accordion-inner\">\n\n<p>S\u00ed, hay una l\u00ednea directa en cada habitaci\u00f3n. Las llamadas y los correos electr\u00f3nicos que reciba ser\u00e1n desviados por nuestra centralita. Si est\u00e1 ausente, nuestras recepcionistas tomar\u00e1n sus mensajes, que le ser\u00e1n entregados con la llave de su habitaci\u00f3n. Lamentablemente, ya no es posible recibir faxes.<\/p>\n\n<\/div><\/div>\n<div class=\"accordion-item\"><a href=\"#\" class=\"accordion-title plain\"><button class=\"toggle\"><i class=\"icon-angle-down\"><\/i><\/button><span>\u00bfPodemos salir tarde de la habitaci\u00f3n?<\/span><\/a><div class=\"accordion-inner\">\n\n<p>En principio, la habitaci\u00f3n debe quedar libre a mediod\u00eda como muy tarde. Sin embargo, es posible reservar una salida tard\u00eda directamente en nuestra p\u00e1gina web o reservarla con antelaci\u00f3n en nuestra recepci\u00f3n (sujeto a disponibilidad y con cargo).<\/p>\n\n<\/div><\/div>\n<div class=\"accordion-item\"><a href=\"#\" class=\"accordion-title plain\"><button class=\"toggle\"><i class=\"icon-angle-down\"><\/i><\/button><span>\u00bfTienen las habitaciones balc\u00f3n o terraza? \u00bfPuedo reservar una?<\/span><\/a><div class=\"accordion-inner\">\n\n<p>No, pero en los pisos superiores, las habitaciones que dan a la calle ofrecen una hermosa vista de los tejados (y del Pante\u00f3n, la Sorbona&#8230;)<\/p>\n\n<\/div><\/div>\n<div class=\"accordion-item\"><a href=\"#\" class=\"accordion-title plain\"><button class=\"toggle\"><i class=\"icon-angle-down\"><\/i><\/button><span>\u00bfHay habitaciones para no fumadores?<\/span><\/a><div class=\"accordion-inner\">\n\n<p>Todo el hotel es para no fumadores.<\/p>\n\n<\/div><\/div>\n<div class=\"accordion-item\"><a href=\"#\" class=\"accordion-title plain\"><button class=\"toggle\"><i class=\"icon-angle-down\"><\/i><\/button><span>\u00bfHay aire acondicionado en las habitaciones? \u00bfFunciona todo el a\u00f1o?<\/span><\/a><div class=\"accordion-inner\">\n\n<p>Todas las habitaciones tienen aire acondicionado o calefacci\u00f3n en funci\u00f3n de la temperatura exterior. En cada habitaci\u00f3n, una caja de control montada en la pared permite ajustar individualmente la temperatura ambiente.<\/p>\n\n<\/div><\/div>\n<div class=\"accordion-item\"><a href=\"#\" class=\"accordion-title plain\"><button class=\"toggle\"><i class=\"icon-angle-down\"><\/i><\/button><span>\u00bfEst\u00e1 su hotel adaptado para personas con movilidad reducida?<\/span><\/a><div class=\"accordion-inner\">\n\n<p>No, no est\u00e1 equipado para personas con movilidad reducida, pero tenemos 1 habitaci\u00f3n accesible en la planta baja y, por supuesto, un ascensor que a menudo nos ha permitido acoger a estas personas.<\/p>\n\n<\/div><\/div>\n<div class=\"accordion-item\"><a href=\"#\" class=\"accordion-title plain\"><button class=\"toggle\"><i class=\"icon-angle-down\"><\/i><\/button><span>\u00bfPueden guardarme el equipaje a la llegada, antes del check-in y despu\u00e9s del check-out o entre mis estancias?<\/span><\/a><div class=\"accordion-inner\">\n\n<p>S\u00ed, por supuesto, disponemos de una sala cerrada para guardar su equipaje y es un servicio gratuito.<\/p>\n\n<\/div><\/div>\n<div class=\"accordion-item\"><a href=\"#\" class=\"accordion-title plain\"><button class=\"toggle\"><i class=\"icon-angle-down\"><\/i><\/button><span>\u00bfD\u00f3nde puedo aparcar mi coche en un lugar seguro? \u00bfCu\u00e1nto cuesta?<\/span><\/a><div class=\"accordion-inner\">\n\n<p>Hay 4 aparcamientos cerca del hotel: \u00bb Rue de l&#8217;Ecole de M\u00e9decine \u00ab, \u00bb Rue Soufflot \u00bb \u00bb St Sulpice \u00bb y \u00bb March\u00e9 Saint-Germain \u00bb El coste aproximado es de 38 EUR \/ 24h. Sin embargo, los aparcamientos pueden ofrecer un descuento por 3 d\u00edas o m\u00e1s. Por favor, consulte con ellos en cuanto aparque su coche.<\/p>\n\n<\/div><\/div>\n<div class=\"accordion-item\"><a href=\"#\" class=\"accordion-title plain\"><button class=\"toggle\"><i class=\"icon-angle-down\"><\/i><\/button><span>\u00bfHay un ordenador con acceso a Internet para los clientes?<\/span><\/a><div class=\"accordion-inner\">\n\n<p>S\u00ed, en el vest\u00edbulo del hotel hay un ordenador con acceso gratuito a Internet para uso de los clientes.<\/p>\n\n<\/div><\/div>\n<div class=\"accordion-item\"><a href=\"#\" class=\"accordion-title plain\"><button class=\"toggle\"><i class=\"icon-angle-down\"><\/i><\/button><span>\u00bfDisponen las habitaciones de acceso a Internet de alta velocidad? \u00bfHay wifi?<\/span><\/a><div class=\"accordion-inner\">\n\n<p>El Wifi de alta velocidad es gratuito y est\u00e1 disponible en todas las habitaciones y en todo el hotel.<\/p>\n\n<\/div><\/div>\n<div class=\"accordion-item\"><a href=\"#\" class=\"accordion-title plain\"><button class=\"toggle\"><i class=\"icon-angle-down\"><\/i><\/button><span>\u00bfTiene habitaciones m\u00e1s tranquilas, espaciosas o rom\u00e1nticas?<\/span><\/a><div class=\"accordion-inner\">\n\n<p>La mitad de nuestras habitaciones dan al patio, generalmente las habitaciones \u00ab Standard Cosy \u00bb y las habitaciones \u00ab Classic \u00bb. Ambos tipos de habitaciones son menos espaciosas que las habitaciones \u00ab Superiores \u00bb que dan a la calle.<br \/>Todas nuestras habitaciones est\u00e1n equipadas con doble acristalamiento.<br \/>Para una estancia rom\u00e1ntica, elija una de las habitaciones con dosel o la \u00ab Junior Suite \u00bb de la ultima planta, o incluso la habitaci\u00f3n Doble Superior con ba\u00f1era de hidromasaje situada en la planta baja.<\/p>\n\n<\/div><\/div>\n<div class=\"accordion-item\"><a href=\"#\" class=\"accordion-title plain\"><button class=\"toggle\"><i class=\"icon-angle-down\"><\/i><\/button><span>\u00bfQu\u00e9 idiomas se hablan en la recepci\u00f3n?<\/span><\/a><div class=\"accordion-inner\">\n\n<p>Ingl\u00e9s, italiano, espa\u00f1ol, alem\u00e1n y ruso.<\/p>\n\n<\/div><\/div>\n<div class=\"accordion-item\"><a href=\"#\" class=\"accordion-title plain\"><button class=\"toggle\"><i class=\"icon-angle-down\"><\/i><\/button><span>\u00bfD\u00f3nde puedo alquilar un coche?<\/span><\/a><div class=\"accordion-inner\">\n\n<p>Pregunte al recepcionista del hotel, que le ayudar\u00e1 o le indicar\u00e1 la oficina de alquiler de coches m\u00e1s cercana.<\/p>\n\n<\/div><\/div>\n<div class=\"accordion-item\"><a href=\"#\" class=\"accordion-title plain\"><button class=\"toggle\"><i class=\"icon-angle-down\"><\/i><\/button><span>\u00bfProporcionan un servicio de transporte entre el aeropuerto y el hotel?<\/span><\/a><div class=\"accordion-inner\">\n\n<p>Podemos reservar un traslado privado para recogerle o dejarle en el aeropuerto o la estaci\u00f3n de tren. La reserva debe hacerse con al menos 48 horas de antelaci\u00f3n.<br \/>El transporte p\u00fablico es la forma m\u00e1s r\u00e1pida de llegar al hotel. Le recomendamos que consulte nuestra p\u00e1gina \u00abMapa y acceso\u00bb en el sitio web de este hotel.<\/p>\n\n<\/div><\/div>\n<div class=\"accordion-item\"><a href=\"#\" class=\"accordion-title plain\"><button class=\"toggle\"><i class=\"icon-angle-down\"><\/i><\/button><span>\u00bfHay gimnasio en el hotel?<\/span><\/a><div class=\"accordion-inner\">\n\n<p>No, pero pregunte en recepci\u00f3n por la direcci\u00f3n de la instalaci\u00f3n m\u00e1s cercana.<\/p>\n\n<\/div><\/div>\n<div class=\"accordion-item\"><a href=\"#\" class=\"accordion-title plain\"><button class=\"toggle\"><i class=\"icon-angle-down\"><\/i><\/button><span>\u00bfDispone el hotel de restaurante?<\/span><\/a><div class=\"accordion-inner\">\n\n<p>No, pero nuestro personal de recepci\u00f3n estar\u00e1 encantado de aconsejarle sobre los mejores restaurantes de la zona, en funci\u00f3n de sus gustos y deseos.<\/p>\n\n<\/div><\/div>\n<div class=\"accordion-item\"><a href=\"#\" class=\"accordion-title plain\"><button class=\"toggle\"><i class=\"icon-angle-down\"><\/i><\/button><span>\u00bfSe admiten animales?<\/span><\/a><div class=\"accordion-inner\">\n\n<p>Ya no tras las recientes renovaciones.<\/p>\n\n<\/div><\/div>\n<div class=\"accordion-item\"><a href=\"#\" class=\"accordion-title plain\"><button class=\"toggle\"><i class=\"icon-angle-down\"><\/i><\/button><span>Venimos con un ni\u00f1o (o varios). Pueden a\u00f1adir una cama supletoria en nuestra habitaci\u00f3n? \u00bfQu\u00e9 otras soluciones son posibles?<\/span><\/a><div class=\"accordion-inner\">\n\n<p>S\u00f3lo se puede a\u00f1adir una cuna o una cama de espuma para ni\u00f1os en las habitaciones dobles Superior. Es preferible informar al hotel al menos 24 horas antes de su llegada.<br \/>Para las familias, el hotel ofrece una habitaci\u00f3n D\u00faplex con 1 cama doble y 2 camas individuales para 3 \u00f3 4 personas, o dos habitaciones comunicadas en la planta superior, o tambi\u00e9n dos triples con 1 cama doble y 1 cama individual.<\/p>\n\n<\/div><\/div>\n<div class=\"accordion-item\"><a href=\"#\" class=\"accordion-title plain\"><button class=\"toggle\"><i class=\"icon-angle-down\"><\/i><\/button><span>\u00bfA qu\u00e9 distancia est\u00e1 el hotel de la Torre Eiffel?<\/span><\/a><div class=\"accordion-inner\">\n\n<p>A unos 20 minutos en autob\u00fas. Hay 2 autobuses directos que le llevan a la Torre Eiffel : autob\u00fas 82 y autob\u00fas 86.<\/p>\n\n<\/div><\/div>\n<div class=\"accordion-item\"><a href=\"#\" class=\"accordion-title plain\"><button class=\"toggle\"><i class=\"icon-angle-down\"><\/i><\/button><span>Cu\u00e1l es la estaci\u00f3n de metro m\u00e1s cercana y cu\u00e1nto se tarda en llegar a pie desde el hotel?<\/span><\/a><div class=\"accordion-inner\">\n\n<p>La estaci\u00f3n de metro \u00abODEON\u00bb (l\u00edneas 4 y 10) est\u00e1 a 3 minutos a pie del hotel. La estaci\u00f3n de metro \u00abCLUNY LA SORBONNE\u00bb (l\u00ednea 10) y la estaci\u00f3n de RER \u00abLuxembourg\u00bb tambi\u00e9n se encuentran a 3 minutos a pie.<\/p>\n\n<\/div><\/div>\n<div class=\"accordion-item\"><a href=\"#\" class=\"accordion-title plain\"><button class=\"toggle\"><i class=\"icon-angle-down\"><\/i><\/button><span>\u00bfCu\u00e1l es el precio medio de un taxi desde el aeropuerto (Charles De Gaulle u Orly) hasta el hotel?<\/span><\/a><div class=\"accordion-inner\">\n\n<p>Desde Roissy-Charles de Gaulle, cuesta unos 69 euros. Para Orly, el trayecto cuesta unos 42 euros.<\/p>\n\n<\/div><\/div>\n<div class=\"accordion-item\"><a href=\"#\" class=\"accordion-title plain\"><button class=\"toggle\"><i class=\"icon-angle-down\"><\/i><\/button><span>\u00bfC\u00f3mo puedo anular mi reserva?<\/span><\/a><div class=\"accordion-inner\">\n\n<p>Recibir\u00e1 una confirmaci\u00f3n por escrito con su c\u00f3digo de reserva una vez que haya realizado su reserva a trav\u00e9s de nuestro sistema en l\u00ednea.<br \/>Para cancelar su reserva, con\u00e9ctese a nuestro sitio web utilizando los c\u00f3digos proporcionados y elija \u00abReservas\u00bb &gt; \u00abCancelar una reserva\u00bb y, a continuaci\u00f3n, siga las instrucciones que se muestran. Le aconsejamos que compruebe las condiciones y los posibles gastos de cancelaci\u00f3n. Encontrar\u00e1 esta informaci\u00f3n en la confirmaci\u00f3n original de su reserva.<br \/>Para cualquier reserva que no se haya hecho directamente con el hotel, le sugerimos que se ponga en contacto con el n\u00famero que figura en su confirmaci\u00f3n.<\/p>\n\n<\/div><\/div>\n\n<\/div>\n\n\t\t<\/div>\n\t\t\n<style>\n#col-118582221 > .col-inner {\n  padding: 20px 50px 20px 50px;\n  margin: 180px 0px 0px 0px;\n}\n<\/style>\n\t<\/div>\n\n\t\n\n\n<style>\n#row-438035231 > .col > .col-inner {\n  background-color: rgb(255, 255, 255);\n}\n<\/style>\n<\/div>\n\n\t\t<\/div>\n\n\t\t\n<style>\n#section_1508814089 {\n  padding-top: 30px;\n  padding-bottom: 30px;\n  min-height: 350px;\n}\n<\/style>\n\t<\/section>\n\t\n\t<section class=\"section bg-rooms is-full-height\" id=\"section_504291633\">\n\t\t<div class=\"bg section-bg fill bg-fill  bg-loaded\" >\n\n\t\t\t\n\t\t\t<div class=\"section-bg-overlay absolute fill\"><\/div>\n\t\t\t\n\n\t\t<\/div>\n\n\t\t<div class=\"section-content relative\">\n\t\t\t\n\n\n\t\t<\/div>\n\n\t\t\n<style>\n#section_504291633 {\n  padding-top: 0px;\n  padding-bottom: 0px;\n  min-height: 100vh;\n}\n#section_504291633 .section-bg-overlay {\n  background-color: rgba(54, 42, 27, 0.3);\n}\n<\/style>\n\t<\/section>\n\t\n\n","protected":false},"excerpt":{"rendered":"","protected":false},"author":1,"featured_media":0,"parent":0,"menu_order":0,"comment_status":"closed","ping_status":"open","template":"page-transparent-header-light.php","meta":{"footnotes":""},"class_list":["post-3568","page","type-page","status-publish","hentry"],"yoast_head":"<!-- This site is optimized with the Yoast SEO plugin v26.8 - https:\/\/yoast.com\/product\/yoast-seo-wordpress\/ -->\n<title>FAQ, preguntas frecuentes del Hotel Saint Paul Rive Gauche Paris<\/title>\n<meta name=\"description\" content=\"Encuentre las respuestas a las preguntas m\u00e1s frecuentes y \u00fatiles sobre el Hotel Saint Paul Rive Gauche\" \/>\n<meta name=\"robots\" content=\"index, follow, max-snippet:-1, max-image-preview:large, max-video-preview:-1\" \/>\n<link rel=\"canonical\" href=\"https:\/\/www.hotelsaintpaulparis.com\/es\/faq\/\" \/>\n<meta property=\"og:locale\" content=\"es_ES\" \/>\n<meta property=\"og:type\" content=\"article\" \/>\n<meta property=\"og:title\" content=\"FAQ, preguntas frecuentes del Hotel Saint Paul Rive Gauche Paris\" \/>\n<meta property=\"og:description\" content=\"Encuentre las respuestas a las preguntas m\u00e1s frecuentes y \u00fatiles sobre el Hotel Saint Paul Rive Gauche\" \/>\n<meta property=\"og:url\" content=\"https:\/\/www.hotelsaintpaulparis.com\/es\/faq\/\" \/>\n<meta property=\"og:site_name\" content=\"H\u00f4tel Saint Paul\" \/>\n<meta property=\"article:modified_time\" content=\"2026-01-31T22:22:11+00:00\" \/>\n<meta name=\"twitter:card\" content=\"summary_large_image\" \/>\n<script type=\"application\/ld+json\" class=\"yoast-schema-graph\">{\"@context\":\"https:\/\/schema.org\",\"@graph\":[{\"@type\":\"WebPage\",\"@id\":\"https:\/\/www.hotelsaintpaulparis.com\/es\/faq\/\",\"url\":\"https:\/\/www.hotelsaintpaulparis.com\/es\/faq\/\",\"name\":\"FAQ, preguntas frecuentes del Hotel Saint Paul Rive Gauche Paris\",\"isPartOf\":{\"@id\":\"https:\/\/www.hotelsaintpaulparis.com\/es\/#website\"},\"datePublished\":\"2021-03-05T09:49:04+00:00\",\"dateModified\":\"2026-01-31T22:22:11+00:00\",\"description\":\"Encuentre las respuestas a las preguntas m\u00e1s frecuentes y \u00fatiles sobre el Hotel Saint Paul Rive Gauche\",\"breadcrumb\":{\"@id\":\"https:\/\/www.hotelsaintpaulparis.com\/es\/faq\/#breadcrumb\"},\"inLanguage\":\"es\",\"potentialAction\":[{\"@type\":\"ReadAction\",\"target\":[\"https:\/\/www.hotelsaintpaulparis.com\/es\/faq\/\"]}]},{\"@type\":\"BreadcrumbList\",\"@id\":\"https:\/\/www.hotelsaintpaulparis.com\/es\/faq\/#breadcrumb\",\"itemListElement\":[{\"@type\":\"ListItem\",\"position\":1,\"name\":\"Accueil\",\"item\":\"https:\/\/www.hotelsaintpaulparis.com\/es\/\"},{\"@type\":\"ListItem\",\"position\":2,\"name\":\"FAQ\"}]},{\"@type\":\"WebSite\",\"@id\":\"https:\/\/www.hotelsaintpaulparis.com\/es\/#website\",\"url\":\"https:\/\/www.hotelsaintpaulparis.com\/es\/\",\"name\":\"H\u00f4tel Saint Paul\",\"description\":\"AU COEUR DU QUARTIER LATIN... UNE DEMEURE DU XVIIe SI\u00c8CLE\",\"potentialAction\":[{\"@type\":\"SearchAction\",\"target\":{\"@type\":\"EntryPoint\",\"urlTemplate\":\"https:\/\/www.hotelsaintpaulparis.com\/es\/?s={search_term_string}\"},\"query-input\":{\"@type\":\"PropertyValueSpecification\",\"valueRequired\":true,\"valueName\":\"search_term_string\"}}],\"inLanguage\":\"es\"}]}<\/script>\n<!-- \/ Yoast SEO plugin. -->","yoast_head_json":{"title":"FAQ, preguntas frecuentes del Hotel Saint Paul Rive Gauche Paris","description":"Encuentre las respuestas a las preguntas m\u00e1s frecuentes y \u00fatiles sobre el Hotel Saint Paul Rive Gauche","robots":{"index":"index","follow":"follow","max-snippet":"max-snippet:-1","max-image-preview":"max-image-preview:large","max-video-preview":"max-video-preview:-1"},"canonical":"https:\/\/www.hotelsaintpaulparis.com\/es\/faq\/","og_locale":"es_ES","og_type":"article","og_title":"FAQ, preguntas frecuentes del Hotel Saint Paul Rive Gauche Paris","og_description":"Encuentre las respuestas a las preguntas m\u00e1s frecuentes y \u00fatiles sobre el Hotel Saint Paul Rive Gauche","og_url":"https:\/\/www.hotelsaintpaulparis.com\/es\/faq\/","og_site_name":"H\u00f4tel Saint Paul","article_modified_time":"2026-01-31T22:22:11+00:00","twitter_card":"summary_large_image","schema":{"@context":"https:\/\/schema.org","@graph":[{"@type":"WebPage","@id":"https:\/\/www.hotelsaintpaulparis.com\/es\/faq\/","url":"https:\/\/www.hotelsaintpaulparis.com\/es\/faq\/","name":"FAQ, preguntas frecuentes del Hotel Saint Paul Rive Gauche Paris","isPartOf":{"@id":"https:\/\/www.hotelsaintpaulparis.com\/es\/#website"},"datePublished":"2021-03-05T09:49:04+00:00","dateModified":"2026-01-31T22:22:11+00:00","description":"Encuentre las respuestas a las preguntas m\u00e1s frecuentes y \u00fatiles sobre el Hotel Saint Paul Rive Gauche","breadcrumb":{"@id":"https:\/\/www.hotelsaintpaulparis.com\/es\/faq\/#breadcrumb"},"inLanguage":"es","potentialAction":[{"@type":"ReadAction","target":["https:\/\/www.hotelsaintpaulparis.com\/es\/faq\/"]}]},{"@type":"BreadcrumbList","@id":"https:\/\/www.hotelsaintpaulparis.com\/es\/faq\/#breadcrumb","itemListElement":[{"@type":"ListItem","position":1,"name":"Accueil","item":"https:\/\/www.hotelsaintpaulparis.com\/es\/"},{"@type":"ListItem","position":2,"name":"FAQ"}]},{"@type":"WebSite","@id":"https:\/\/www.hotelsaintpaulparis.com\/es\/#website","url":"https:\/\/www.hotelsaintpaulparis.com\/es\/","name":"H\u00f4tel Saint Paul","description":"AU COEUR DU QUARTIER LATIN... UNE DEMEURE DU XVIIe SI\u00c8CLE","potentialAction":[{"@type":"SearchAction","target":{"@type":"EntryPoint","urlTemplate":"https:\/\/www.hotelsaintpaulparis.com\/es\/?s={search_term_string}"},"query-input":{"@type":"PropertyValueSpecification","valueRequired":true,"valueName":"search_term_string"}}],"inLanguage":"es"}]}},"_links":{"self":[{"href":"https:\/\/www.hotelsaintpaulparis.com\/es\/wp-json\/wp\/v2\/pages\/3568","targetHints":{"allow":["GET"]}}],"collection":[{"href":"https:\/\/www.hotelsaintpaulparis.com\/es\/wp-json\/wp\/v2\/pages"}],"about":[{"href":"https:\/\/www.hotelsaintpaulparis.com\/es\/wp-json\/wp\/v2\/types\/page"}],"author":[{"embeddable":true,"href":"https:\/\/www.hotelsaintpaulparis.com\/es\/wp-json\/wp\/v2\/users\/1"}],"replies":[{"embeddable":true,"href":"https:\/\/www.hotelsaintpaulparis.com\/es\/wp-json\/wp\/v2\/comments?post=3568"}],"version-history":[{"count":5,"href":"https:\/\/www.hotelsaintpaulparis.com\/es\/wp-json\/wp\/v2\/pages\/3568\/revisions"}],"predecessor-version":[{"id":4079,"href":"https:\/\/www.hotelsaintpaulparis.com\/es\/wp-json\/wp\/v2\/pages\/3568\/revisions\/4079"}],"wp:attachment":[{"href":"https:\/\/www.hotelsaintpaulparis.com\/es\/wp-json\/wp\/v2\/media?parent=3568"}],"curies":[{"name":"wp","href":"https:\/\/api.w.org\/{rel}","templated":true}]}}