{"id":3563,"date":"2022-08-25T10:11:38","date_gmt":"2022-08-25T08:11:38","guid":{"rendered":"https:\/\/www.hotelsaintpaulparis.com\/chambres-suite-junior\/"},"modified":"2026-02-06T19:05:46","modified_gmt":"2026-02-06T18:05:46","slug":"suite-junior","status":"publish","type":"page","link":"https:\/\/www.hotelsaintpaulparis.com\/es\/suite-junior\/","title":{"rendered":"Chambres &#8211; suite junior"},"content":{"rendered":"\n\t<section class=\"section\" id=\"section_278800469\">\n\t\t<div class=\"bg section-bg fill bg-fill  bg-loaded\" >\n\n\t\t\t\n\t\t\t<div class=\"section-bg-overlay absolute fill\"><\/div><button class=\"scroll-for-more z-5 icon absolute bottom h-center\"><i class=\"icon-angle-down\" style=\"font-size:42px;\"><\/i><\/button>\n\t\t\t\n\n\t\t<\/div>\n\n\t\t<div class=\"section-content relative\">\n\t\t\t\n\n<div class=\"slider-wrapper relative\" id=\"slider-1768987195\" >\n    <div class=\"slider slider-nav-circle slider-nav-large slider-nav-light slider-style-normal\"\n        data-flickity-options='{\n            \"cellAlign\": \"center\",\n            \"imagesLoaded\": true,\n            \"lazyLoad\": 1,\n            \"freeScroll\": false,\n            \"wrapAround\": true,\n            \"autoPlay\": 6000,\n            \"pauseAutoPlayOnHover\" : true,\n            \"prevNextButtons\": true,\n            \"contain\" : true,\n            \"adaptiveHeight\" : true,\n            \"dragThreshold\" : 10,\n            \"percentPosition\": true,\n            \"pageDots\": false,\n            \"rightToLeft\": false,\n            \"draggable\": true,\n            \"selectedAttraction\": 0.1,\n            \"parallax\" : 0,\n            \"friction\": 0.6        }'\n        >\n        \n\n\n  <div class=\"banner has-hover is-full-height\" id=\"banner-507753591\">\n          <div class=\"banner-inner fill\">\n        <div class=\"banner-bg fill\" >\n            <div class=\"bg fill bg-fill \"><\/div>\n                                    \n                    <\/div>\n        <div class=\"banner-layers container\">\n            <div class=\"fill banner-link\"><\/div>            \n\n   <div id=\"text-box-768917169\" class=\"text-box banner-layer x50 md-x50 lg-x50 y50 md-y50 lg-y50 res-text\">\n                                <div class=\"text dark\">\n              \n              <div class=\"text-inner text-center\">\n                  \n\n\n              <\/div>\n           <\/div>\n                            \n<style>\n#text-box-768917169 {\n  width: 60%;\n}\n#text-box-768917169 .text {\n  font-size: 100%;\n}\n<\/style>\n    <\/div>\n \n\n        <\/div>\n      <\/div>\n\n            \n<style>\n#banner-507753591 {\n  padding-top: 100%;\n}\n#banner-507753591 .bg.bg-loaded {\n  background-image: url(https:\/\/www.hotelsaintpaulparis.com\/wp-content\/uploads\/2026\/02\/Salon-51-1.jpg);\n}\n<\/style>\n  <\/div>\n\n\n\n  <div class=\"banner has-hover is-full-height\" id=\"banner-1417590103\">\n          <div class=\"banner-inner fill\">\n        <div class=\"banner-bg fill\" >\n            <div class=\"bg fill bg-fill \"><\/div>\n                                    \n                    <\/div>\n        <div class=\"banner-layers container\">\n            <div class=\"fill banner-link\"><\/div>            \n\n   <div id=\"text-box-1125318896\" class=\"text-box banner-layer x50 md-x50 lg-x50 y50 md-y50 lg-y50 res-text\">\n                                <div class=\"text dark\">\n              \n              <div class=\"text-inner text-center\">\n                  \n\n\n              <\/div>\n           <\/div>\n                            \n<style>\n#text-box-1125318896 {\n  width: 60%;\n}\n#text-box-1125318896 .text {\n  font-size: 100%;\n}\n<\/style>\n    <\/div>\n \n\n        <\/div>\n      <\/div>\n\n            \n<style>\n#banner-1417590103 {\n  padding-top: 100%;\n}\n#banner-1417590103 .bg.bg-loaded {\n  background-image: url(https:\/\/www.hotelsaintpaulparis.com\/wp-content\/uploads\/2021\/02\/16-douche.jpg);\n}\n<\/style>\n  <\/div>\n\n\n\n  <div class=\"banner has-hover is-full-height\" id=\"banner-967526928\">\n          <div class=\"banner-inner fill\">\n        <div class=\"banner-bg fill\" >\n            <div class=\"bg fill bg-fill \"><\/div>\n                                    \n                    <\/div>\n        <div class=\"banner-layers container\">\n            <div class=\"fill banner-link\"><\/div>            \n\n   <div id=\"text-box-2033384122\" class=\"text-box banner-layer x50 md-x50 lg-x50 y50 md-y50 lg-y50 res-text\">\n                                <div class=\"text dark\">\n              \n              <div class=\"text-inner text-center\">\n                  \n\n\n              <\/div>\n           <\/div>\n                            \n<style>\n#text-box-2033384122 {\n  width: 60%;\n}\n#text-box-2033384122 .text {\n  font-size: 100%;\n}\n<\/style>\n    <\/div>\n \n\n        <\/div>\n      <\/div>\n\n            \n<style>\n#banner-967526928 {\n  padding-top: 100%;\n}\n#banner-967526928 .bg.bg-loaded {\n  background-image: url(https:\/\/www.hotelsaintpaulparis.com\/wp-content\/uploads\/2021\/02\/18-L-occitane.jpg);\n}\n<\/style>\n  <\/div>\n\n\n\n     <\/div>\n\n     <div class=\"loading-spin dark large centered\"><\/div>\n\n     <\/div>\n\n\n\n\t\t<\/div>\n\n\t\t\n<style>\n#section_278800469 {\n  padding-top: 0px;\n  padding-bottom: 0px;\n}\n#section_278800469 .section-bg-overlay {\n  background-color: rgba(54, 42, 27, 0.3);\n}\n<\/style>\n\t<\/section>\n\t\n\t<section class=\"section\" id=\"section_2095612757\">\n\t\t<div class=\"bg section-bg fill bg-fill  bg-loaded\" >\n\n\t\t\t\n\t\t\t\n\t\t\t\n\n\t\t<\/div>\n\n\t\t<div class=\"section-content relative\">\n\t\t\t\n\n<div class=\"row row-collapse\"  id=\"row-771836316\">\n\n\n\t<div id=\"col-1681066116\" class=\"col small-12 large-12\"  >\n\t\t<div class=\"col-inner\" style=\"background-color:rgb(255,255,255);\" >\n\t\t\t\n\t\t\t\n\n<h3 style=\"text-align: center;\">Suite Junior<\/h3>\n<h4 style=\"text-align: center;\">23 m\u00b2 \u2013 1 x Cama doble + 1 Cama individual \u2013 3 personas como m\u00e1ximo <\/h4>\n<p align=\"center\">Peque\u00f1a suite en el \u00faltimo piso bajo el techo con una hermosa vista de un gran patio, la Sorbona y el Pante\u00f3n.<br \/>.<\/p>\n<div class=\"row\"  id=\"row-705226495\">\n\n\n\t<div id=\"col-767617174\" class=\"col medium-6 small-12 large-6\"  >\n\t\t<div class=\"col-inner\"  >\n\t\t\t\n\t\t\t\n\n<ul style=\"list-style: none;\">\n<li>\u2022 Doble acristalamiento<\/li>\n<li>\u2022 Aire acondicionado \/ calefacci\u00f3n individual<\/li>\n<li>\u2022 Acceso Wifi gratuito a trav\u00e9s de fibra \u00f3ptica<\/li>\n<li>\u2022 Televisi\u00f3n por sat\u00e9lite<\/li>\n<li>\u2022 Botella de agua mineral de cortes\u00eda<\/li>\n<li>\u2022 1 cama doble 160 cm x 200 cmy 1 cama individual 90 cm x 200 cm<\/li>\n<li>\u2022 Oficina<\/li>\n<\/ul>\n\n\t\t<\/div>\n\t\t\t<\/div>\n\n\t\n\n\t<div id=\"col-920005745\" class=\"col medium-6 small-12 large-6\"  >\n\t\t<div class=\"col-inner\"  >\n\t\t\t\n\t\t\t\n\n<ul style=\"list-style: none;\">\n<li>\u2022 L\u00ednea telef\u00f3nica directa \u2013 llamadas nacionales e internacionales gratuitas<\/li>\n<li>\u2022 Tomas USB<\/li>\n<li>\u2022 Ducha \u2013 Aseos<\/li>\n<li>\u2022 Calentador de toallas<\/li>\n<li>\u2022 Secador de pelo<\/li>\n<li>\u2022 Amenidades de L&#8217;Occitane<\/li>\n<\/ul>\n\n\t\t<\/div>\n\t\t\t<\/div>\n\n\t\n\n<\/div>\n\n\t\t<\/div>\n\t\t\n<style>\n#col-1681066116 > .col-inner {\n  margin: 0px 0px 0px 0px;\n}\n<\/style>\n\t<\/div>\n\n\t\n\n\t<div id=\"col-1548869953\" class=\"col small-12 large-12\"  >\n\t\t<div class=\"col-inner text-center\"  >\n\t\t\t\n\t\t\t\n\n<a href=\"https:\/\/www.hotelsaintpaulparis.com\/es\/habitaciones\/\" target=\"_self\" class=\"button primary is-shade is-small box-shadow-3 box-shadow-5-hover\"  style=\"border-radius:5px;\">\n    <span>ver nuestras otras habitaciones<\/span>\n  <\/a>\n\n\n\n\t\t<\/div>\n\t\t\t<\/div>\n\n\t\n\n\n<style>\n#row-771836316 > .col > .col-inner {\n  background-color: rgb(255,255,255);\n}\n<\/style>\n<\/div>\n\n\t\t<\/div>\n\n\t\t\n<style>\n#section_2095612757 {\n  padding-top: 30px;\n  padding-bottom: 30px;\n}\n<\/style>\n\t<\/section>\n\t\n\n","protected":false},"excerpt":{"rendered":"","protected":false},"author":1,"featured_media":0,"parent":0,"menu_order":0,"comment_status":"closed","ping_status":"open","template":"page-transparent-header-light.php","meta":{"footnotes":""},"class_list":["post-3563","page","type-page","status-publish","hentry"],"yoast_head":"<!-- This site is optimized with the Yoast SEO plugin v26.8 - https:\/\/yoast.com\/product\/yoast-seo-wordpress\/ -->\n<title>Suite Junior del Hotel Saint Paul Rive Gauche Paris<\/title>\n<meta name=\"description\" content=\"Peque\u00f1a suite en el \u00faltimo piso bajo el techo con una hermosa vista de un gran patio, la Sorbona y el Pante\u00f3n.\" \/>\n<meta name=\"robots\" content=\"index, follow, max-snippet:-1, max-image-preview:large, max-video-preview:-1\" \/>\n<link rel=\"canonical\" href=\"https:\/\/www.hotelsaintpaulparis.com\/es\/suite-junior\/\" \/>\n<meta property=\"og:locale\" content=\"es_ES\" \/>\n<meta property=\"og:type\" content=\"article\" \/>\n<meta property=\"og:title\" content=\"Suite Junior del Hotel Saint Paul Rive Gauche Paris\" \/>\n<meta property=\"og:description\" content=\"Peque\u00f1a suite en el \u00faltimo piso bajo el techo con una hermosa vista de un gran patio, la Sorbona y el Pante\u00f3n.\" \/>\n<meta property=\"og:url\" content=\"https:\/\/www.hotelsaintpaulparis.com\/es\/suite-junior\/\" \/>\n<meta property=\"og:site_name\" content=\"H\u00f4tel Saint Paul\" \/>\n<meta property=\"article:modified_time\" content=\"2026-02-06T18:05:46+00:00\" \/>\n<meta name=\"twitter:card\" content=\"summary_large_image\" \/>\n<meta name=\"twitter:label1\" content=\"Tiempo de lectura\" \/>\n\t<meta name=\"twitter:data1\" content=\"1 minuto\" \/>\n<script type=\"application\/ld+json\" class=\"yoast-schema-graph\">{\"@context\":\"https:\/\/schema.org\",\"@graph\":[{\"@type\":\"WebPage\",\"@id\":\"https:\/\/www.hotelsaintpaulparis.com\/es\/suite-junior\/\",\"url\":\"https:\/\/www.hotelsaintpaulparis.com\/es\/suite-junior\/\",\"name\":\"Suite Junior del Hotel Saint Paul Rive Gauche Paris\",\"isPartOf\":{\"@id\":\"https:\/\/www.hotelsaintpaulparis.com\/es\/#website\"},\"datePublished\":\"2022-08-25T08:11:38+00:00\",\"dateModified\":\"2026-02-06T18:05:46+00:00\",\"description\":\"Peque\u00f1a suite en el \u00faltimo piso bajo el techo con una hermosa vista de un gran patio, la Sorbona y el Pante\u00f3n.\",\"breadcrumb\":{\"@id\":\"https:\/\/www.hotelsaintpaulparis.com\/es\/suite-junior\/#breadcrumb\"},\"inLanguage\":\"es\",\"potentialAction\":[{\"@type\":\"ReadAction\",\"target\":[\"https:\/\/www.hotelsaintpaulparis.com\/es\/suite-junior\/\"]}]},{\"@type\":\"BreadcrumbList\",\"@id\":\"https:\/\/www.hotelsaintpaulparis.com\/es\/suite-junior\/#breadcrumb\",\"itemListElement\":[{\"@type\":\"ListItem\",\"position\":1,\"name\":\"Accueil\",\"item\":\"https:\/\/www.hotelsaintpaulparis.com\/es\/\"},{\"@type\":\"ListItem\",\"position\":2,\"name\":\"Chambres &#8211; suite junior\"}]},{\"@type\":\"WebSite\",\"@id\":\"https:\/\/www.hotelsaintpaulparis.com\/es\/#website\",\"url\":\"https:\/\/www.hotelsaintpaulparis.com\/es\/\",\"name\":\"H\u00f4tel Saint Paul\",\"description\":\"AU COEUR DU QUARTIER LATIN... UNE DEMEURE DU XVIIe SI\u00c8CLE\",\"potentialAction\":[{\"@type\":\"SearchAction\",\"target\":{\"@type\":\"EntryPoint\",\"urlTemplate\":\"https:\/\/www.hotelsaintpaulparis.com\/es\/?s={search_term_string}\"},\"query-input\":{\"@type\":\"PropertyValueSpecification\",\"valueRequired\":true,\"valueName\":\"search_term_string\"}}],\"inLanguage\":\"es\"}]}<\/script>\n<!-- \/ Yoast SEO plugin. -->","yoast_head_json":{"title":"Suite Junior del Hotel Saint Paul Rive Gauche Paris","description":"Peque\u00f1a suite en el \u00faltimo piso bajo el techo con una hermosa vista de un gran patio, la Sorbona y el Pante\u00f3n.","robots":{"index":"index","follow":"follow","max-snippet":"max-snippet:-1","max-image-preview":"max-image-preview:large","max-video-preview":"max-video-preview:-1"},"canonical":"https:\/\/www.hotelsaintpaulparis.com\/es\/suite-junior\/","og_locale":"es_ES","og_type":"article","og_title":"Suite Junior del Hotel Saint Paul Rive Gauche Paris","og_description":"Peque\u00f1a suite en el \u00faltimo piso bajo el techo con una hermosa vista de un gran patio, la Sorbona y el Pante\u00f3n.","og_url":"https:\/\/www.hotelsaintpaulparis.com\/es\/suite-junior\/","og_site_name":"H\u00f4tel Saint Paul","article_modified_time":"2026-02-06T18:05:46+00:00","twitter_card":"summary_large_image","twitter_misc":{"Tiempo de lectura":"1 minuto"},"schema":{"@context":"https:\/\/schema.org","@graph":[{"@type":"WebPage","@id":"https:\/\/www.hotelsaintpaulparis.com\/es\/suite-junior\/","url":"https:\/\/www.hotelsaintpaulparis.com\/es\/suite-junior\/","name":"Suite Junior del Hotel Saint Paul Rive Gauche Paris","isPartOf":{"@id":"https:\/\/www.hotelsaintpaulparis.com\/es\/#website"},"datePublished":"2022-08-25T08:11:38+00:00","dateModified":"2026-02-06T18:05:46+00:00","description":"Peque\u00f1a suite en el \u00faltimo piso bajo el techo con una hermosa vista de un gran patio, la Sorbona y el Pante\u00f3n.","breadcrumb":{"@id":"https:\/\/www.hotelsaintpaulparis.com\/es\/suite-junior\/#breadcrumb"},"inLanguage":"es","potentialAction":[{"@type":"ReadAction","target":["https:\/\/www.hotelsaintpaulparis.com\/es\/suite-junior\/"]}]},{"@type":"BreadcrumbList","@id":"https:\/\/www.hotelsaintpaulparis.com\/es\/suite-junior\/#breadcrumb","itemListElement":[{"@type":"ListItem","position":1,"name":"Accueil","item":"https:\/\/www.hotelsaintpaulparis.com\/es\/"},{"@type":"ListItem","position":2,"name":"Chambres &#8211; suite junior"}]},{"@type":"WebSite","@id":"https:\/\/www.hotelsaintpaulparis.com\/es\/#website","url":"https:\/\/www.hotelsaintpaulparis.com\/es\/","name":"H\u00f4tel Saint Paul","description":"AU COEUR DU QUARTIER LATIN... UNE DEMEURE DU XVIIe SI\u00c8CLE","potentialAction":[{"@type":"SearchAction","target":{"@type":"EntryPoint","urlTemplate":"https:\/\/www.hotelsaintpaulparis.com\/es\/?s={search_term_string}"},"query-input":{"@type":"PropertyValueSpecification","valueRequired":true,"valueName":"search_term_string"}}],"inLanguage":"es"}]}},"_links":{"self":[{"href":"https:\/\/www.hotelsaintpaulparis.com\/es\/wp-json\/wp\/v2\/pages\/3563","targetHints":{"allow":["GET"]}}],"collection":[{"href":"https:\/\/www.hotelsaintpaulparis.com\/es\/wp-json\/wp\/v2\/pages"}],"about":[{"href":"https:\/\/www.hotelsaintpaulparis.com\/es\/wp-json\/wp\/v2\/types\/page"}],"author":[{"embeddable":true,"href":"https:\/\/www.hotelsaintpaulparis.com\/es\/wp-json\/wp\/v2\/users\/1"}],"replies":[{"embeddable":true,"href":"https:\/\/www.hotelsaintpaulparis.com\/es\/wp-json\/wp\/v2\/comments?post=3563"}],"version-history":[{"count":4,"href":"https:\/\/www.hotelsaintpaulparis.com\/es\/wp-json\/wp\/v2\/pages\/3563\/revisions"}],"predecessor-version":[{"id":4190,"href":"https:\/\/www.hotelsaintpaulparis.com\/es\/wp-json\/wp\/v2\/pages\/3563\/revisions\/4190"}],"wp:attachment":[{"href":"https:\/\/www.hotelsaintpaulparis.com\/es\/wp-json\/wp\/v2\/media?parent=3563"}],"curies":[{"name":"wp","href":"https:\/\/api.w.org\/{rel}","templated":true}]}}